{"id":3096,"date":"2026-04-09T18:02:56","date_gmt":"2026-04-09T16:02:56","guid":{"rendered":"https:\/\/unionconventions.fr\/?page_id=3096"},"modified":"2026-04-09T18:14:28","modified_gmt":"2026-04-09T16:14:28","slug":"livre-dor","status":"publish","type":"page","link":"https:\/\/unionconventions.fr\/en\/livre-dor\/","title":{"rendered":"Guest Book"},"content":{"rendered":"<div data-elementor-type=\"wp-page\" data-elementor-id=\"3096\" class=\"elementor elementor-3096\" data-elementor-settings=\"{&quot;ha_cmc_init_switcher&quot;:&quot;no&quot;}\">\n\t\t\t\t<div class=\"elementor-element elementor-element-77b693e e-con-full e-flex e-con e-parent\" data-id=\"77b693e\" data-element_type=\"container\" data-e-type=\"container\" data-settings=\"{&quot;background_background&quot;:&quot;classic&quot;,&quot;_ha_eqh_enable&quot;:false}\">\n\t\t<div class=\"elementor-element elementor-element-05634f7 e-con-full e-flex e-con e-child\" data-id=\"05634f7\" data-element_type=\"container\" data-e-type=\"container\" data-settings=\"{&quot;_ha_eqh_enable&quot;:false}\">\n\t\t\t\t<div class=\"elementor-element elementor-element-f421750 elementor-widget elementor-widget-heading\" data-id=\"f421750\" data-element_type=\"widget\" data-e-type=\"widget\" data-widget_type=\"heading.default\">\n\t\t\t\t\t<h1 class=\"elementor-heading-title elementor-size-default\">Guest Book<\/h1>\t\t\t\t<\/div>\n\t\t\t\t<div class=\"elementor-element elementor-element-e847a19 elementor-hidden-mobile elementor-widget-divider--view-line elementor-widget elementor-widget-divider\" data-id=\"e847a19\" data-element_type=\"widget\" data-e-type=\"widget\" data-widget_type=\"divider.default\">\n\t\t\t\t\t\t\t<div class=\"elementor-divider\">\n\t\t\t<span class=\"elementor-divider-separator\">\n\t\t\t\t\t\t<\/span>\n\t\t<\/div>\n\t\t\t\t\t\t<\/div>\n\t\t\t\t<\/div>\n\t\t\t\t<\/div>\n\t\t<div class=\"elementor-element elementor-element-93677ac e-flex e-con-boxed e-con e-parent\" data-id=\"93677ac\" data-element_type=\"container\" data-e-type=\"container\" data-settings=\"{&quot;background_background&quot;:&quot;classic&quot;,&quot;_ha_eqh_enable&quot;:false}\">\n\t\t\t\t\t<div class=\"e-con-inner\">\n\t\t\t\t<div class=\"elementor-element elementor-element-37555ed elementor-widget elementor-widget-spacer\" data-id=\"37555ed\" data-element_type=\"widget\" data-e-type=\"widget\" data-widget_type=\"spacer.default\">\n\t\t\t\t\t\t\t<div class=\"elementor-spacer\">\n\t\t\t<div class=\"elementor-spacer-inner\"><\/div>\n\t\t<\/div>\n\t\t\t\t\t\t<\/div>\n\t\t\t\t\t<\/div>\n\t\t\t\t<\/div>\n\t\t<div class=\"elementor-element elementor-element-4fcf313 e-grid e-con-boxed e-con e-parent\" data-id=\"4fcf313\" data-element_type=\"container\" data-e-type=\"container\" data-settings=\"{&quot;background_background&quot;:&quot;classic&quot;,&quot;_ha_eqh_enable&quot;:false}\">\n\t\t\t\t\t<div class=\"e-con-inner\">\n\t\t\t\t<div class=\"elementor-element elementor-element-146bb4d elementor-widget elementor-widget-image\" data-id=\"146bb4d\" data-element_type=\"widget\" data-e-type=\"widget\" data-widget_type=\"image.default\">\n\t\t\t\t\t\t\t\t\t\t\t\t\t\t\t<img fetchpriority=\"high\" decoding=\"async\" width=\"513\" height=\"640\" src=\"https:\/\/unionconventions.fr\/wp-content\/uploads\/2026\/02\/livre_d_or_1.jpg\" class=\"attachment-large size-large wp-image-2167\" alt=\"\" srcset=\"https:\/\/unionconventions.fr\/wp-content\/uploads\/2026\/02\/livre_d_or_1.jpg 513w, https:\/\/unionconventions.fr\/wp-content\/uploads\/2026\/02\/livre_d_or_1-240x300.jpg 240w, https:\/\/unionconventions.fr\/wp-content\/uploads\/2026\/02\/livre_d_or_1-10x12.jpg 10w\" sizes=\"(max-width: 513px) 100vw, 513px\" \/>\t\t\t\t\t\t\t\t\t\t\t\t\t\t\t<\/div>\n\t\t\t\t<div class=\"elementor-element elementor-element-a85d197 elementor-widget elementor-widget-image\" data-id=\"a85d197\" data-element_type=\"widget\" data-e-type=\"widget\" data-widget_type=\"image.default\">\n\t\t\t\t\t\t\t\t\t\t\t\t\t\t\t<img decoding=\"async\" width=\"513\" height=\"640\" src=\"https:\/\/unionconventions.fr\/wp-content\/uploads\/2026\/02\/livre_d_or_2.jpg\" class=\"attachment-large size-large wp-image-2168\" alt=\"\" srcset=\"https:\/\/unionconventions.fr\/wp-content\/uploads\/2026\/02\/livre_d_or_2.jpg 513w, https:\/\/unionconventions.fr\/wp-content\/uploads\/2026\/02\/livre_d_or_2-240x300.jpg 240w, https:\/\/unionconventions.fr\/wp-content\/uploads\/2026\/02\/livre_d_or_2-10x12.jpg 10w\" sizes=\"(max-width: 513px) 100vw, 513px\" \/>\t\t\t\t\t\t\t\t\t\t\t\t\t\t\t<\/div>\n\t\t\t\t<div class=\"elementor-element elementor-element-262bf17 elementor-widget elementor-widget-image\" data-id=\"262bf17\" data-element_type=\"widget\" data-e-type=\"widget\" data-widget_type=\"image.default\">\n\t\t\t\t\t\t\t\t\t\t\t\t\t\t\t<img decoding=\"async\" width=\"513\" height=\"640\" src=\"https:\/\/unionconventions.fr\/wp-content\/uploads\/2026\/02\/livre_d_or_3.jpg\" class=\"attachment-large size-large wp-image-2169\" alt=\"\" srcset=\"https:\/\/unionconventions.fr\/wp-content\/uploads\/2026\/02\/livre_d_or_3.jpg 513w, https:\/\/unionconventions.fr\/wp-content\/uploads\/2026\/02\/livre_d_or_3-240x300.jpg 240w, https:\/\/unionconventions.fr\/wp-content\/uploads\/2026\/02\/livre_d_or_3-10x12.jpg 10w\" sizes=\"(max-width: 513px) 100vw, 513px\" \/>\t\t\t\t\t\t\t\t\t\t\t\t\t\t\t<\/div>\n\t\t\t\t<div class=\"elementor-element elementor-element-dc13e23 elementor-widget elementor-widget-image\" data-id=\"dc13e23\" data-element_type=\"widget\" data-e-type=\"widget\" data-widget_type=\"image.default\">\n\t\t\t\t\t\t\t\t\t\t\t\t\t\t\t<img loading=\"lazy\" decoding=\"async\" width=\"513\" height=\"640\" src=\"https:\/\/unionconventions.fr\/wp-content\/uploads\/2026\/02\/livre_d_or_4.jpg\" class=\"attachment-large size-large wp-image-2165\" alt=\"\" srcset=\"https:\/\/unionconventions.fr\/wp-content\/uploads\/2026\/02\/livre_d_or_4.jpg 513w, https:\/\/unionconventions.fr\/wp-content\/uploads\/2026\/02\/livre_d_or_4-240x300.jpg 240w, https:\/\/unionconventions.fr\/wp-content\/uploads\/2026\/02\/livre_d_or_4-10x12.jpg 10w\" sizes=\"(max-width: 513px) 100vw, 513px\" \/>\t\t\t\t\t\t\t\t\t\t\t\t\t\t\t<\/div>\n\t\t\t\t<div class=\"elementor-element elementor-element-b994aae elementor-widget elementor-widget-image\" data-id=\"b994aae\" data-element_type=\"widget\" data-e-type=\"widget\" data-widget_type=\"image.default\">\n\t\t\t\t\t\t\t\t\t\t\t\t\t\t\t<img loading=\"lazy\" decoding=\"async\" width=\"513\" height=\"640\" src=\"https:\/\/unionconventions.fr\/wp-content\/uploads\/2026\/02\/livre_d_or_5.jpg\" class=\"attachment-large size-large wp-image-2166\" alt=\"\" srcset=\"https:\/\/unionconventions.fr\/wp-content\/uploads\/2026\/02\/livre_d_or_5.jpg 513w, https:\/\/unionconventions.fr\/wp-content\/uploads\/2026\/02\/livre_d_or_5-240x300.jpg 240w, https:\/\/unionconventions.fr\/wp-content\/uploads\/2026\/02\/livre_d_or_5-10x12.jpg 10w\" sizes=\"(max-width: 513px) 100vw, 513px\" \/>\t\t\t\t\t\t\t\t\t\t\t\t\t\t\t<\/div>\n\t\t\t\t<div class=\"elementor-element elementor-element-513e16b elementor-widget elementor-widget-image\" data-id=\"513e16b\" data-element_type=\"widget\" data-e-type=\"widget\" data-widget_type=\"image.default\">\n\t\t\t\t\t\t\t\t\t\t\t\t\t\t\t<img decoding=\"async\" src=\"https:\/\/unionconventions.fr\/wp-content\/uploads\/elementor\/thumbs\/livre_d_or_6-rjxs19ulbgsas2izvjv83sqieyrnb150wncdq1m4w0.jpg\" title=\"livre_d_or_6\" alt=\"livre_d_or_6\" loading=\"lazy\" \/>\t\t\t\t\t\t\t\t\t\t\t\t\t\t\t<\/div>\n\t\t\t\t<div class=\"elementor-element elementor-element-7b04efa elementor-widget elementor-widget-image\" data-id=\"7b04efa\" data-element_type=\"widget\" data-e-type=\"widget\" data-widget_type=\"image.default\">\n\t\t\t\t\t\t\t\t\t\t\t\t\t\t\t<img decoding=\"async\" src=\"https:\/\/unionconventions.fr\/wp-content\/uploads\/elementor\/thumbs\/livre_d_or_7-rjxs19ulbgsas2izvjv83sqieyrnb150wncdq1m4w0.jpg\" title=\"livre_d_or_7\" alt=\"livre_d_or_7\" loading=\"lazy\" \/>\t\t\t\t\t\t\t\t\t\t\t\t\t\t\t<\/div>\n\t\t\t\t<div class=\"elementor-element elementor-element-980e3c7 elementor-widget elementor-widget-image\" data-id=\"980e3c7\" data-element_type=\"widget\" data-e-type=\"widget\" data-widget_type=\"image.default\">\n\t\t\t\t\t\t\t\t\t\t\t\t\t\t\t<img decoding=\"async\" src=\"https:\/\/unionconventions.fr\/wp-content\/uploads\/elementor\/thumbs\/livre_d_or_8-rkg3rtny83hyvlj0ccvx2xgpmdbt2q6fayif8ofqdc.jpg\" title=\"livre_d_or_8\" alt=\"livre_d_or_8\" loading=\"lazy\" \/>\t\t\t\t\t\t\t\t\t\t\t\t\t\t\t<\/div>\n\t\t\t\t<div class=\"elementor-element elementor-element-8fe1d6d elementor-widget elementor-widget-image\" data-id=\"8fe1d6d\" data-element_type=\"widget\" data-e-type=\"widget\" data-widget_type=\"image.default\">\n\t\t\t\t\t\t\t\t\t\t\t\t\t\t\t<img decoding=\"async\" src=\"https:\/\/unionconventions.fr\/wp-content\/uploads\/elementor\/thumbs\/livre_d_or_9-rku91pt5dl7semixaa83xfogzfwiy4gnbax2d0la9s.jpg\" title=\"livre_d_or_9\" alt=\"livre_d_or_9\" loading=\"lazy\" \/>\t\t\t\t\t\t\t\t\t\t\t\t\t\t\t<\/div>\n\t\t\t\t<div class=\"elementor-element elementor-element-43b4139 elementor-widget elementor-widget-image\" data-id=\"43b4139\" data-element_type=\"widget\" data-e-type=\"widget\" data-widget_type=\"image.default\">\n\t\t\t\t\t\t\t\t\t\t\t\t\t\t\t<img decoding=\"async\" src=\"https:\/\/unionconventions.fr\/wp-content\/uploads\/elementor\/thumbs\/livre_d_or_10-rldbtws5i8rul796cyasnvdbt7hzv0spkp7dnvs6kg.jpg\" title=\"livre_d_or_10\" alt=\"livre_d_or_10\" loading=\"lazy\" \/>\t\t\t\t\t\t\t\t\t\t\t\t\t\t\t<\/div>\n\t\t\t\t<div class=\"elementor-element elementor-element-1d2a1be elementor-widget elementor-widget-image\" data-id=\"1d2a1be\" data-element_type=\"widget\" data-e-type=\"widget\" data-widget_type=\"image.default\">\n\t\t\t\t\t\t\t\t\t\t\t\t\t\t\t<img decoding=\"async\" src=\"https:\/\/unionconventions.fr\/wp-content\/uploads\/elementor\/thumbs\/livre_d_or_11-rlre2rnbvl89cmmrzqwy9w46h7hwue7uldacopls8w.jpg\" title=\"livre_d_or_11\" alt=\"livre_d_or_11\" loading=\"lazy\" \/>\t\t\t\t\t\t\t\t\t\t\t\t\t\t\t<\/div>\n\t\t\t\t\t<\/div>\n\t\t\t\t<\/div>\n\t\t<div class=\"elementor-element elementor-element-9d64ef9 e-flex e-con-boxed e-con e-parent\" data-id=\"9d64ef9\" data-element_type=\"container\" data-e-type=\"container\" data-settings=\"{&quot;background_background&quot;:&quot;classic&quot;,&quot;_ha_eqh_enable&quot;:false}\">\n\t\t\t\t\t<div class=\"e-con-inner\">\n\t\t\t\t<div class=\"elementor-element elementor-element-bad38e1 elementor-widget elementor-widget-spacer\" data-id=\"bad38e1\" data-element_type=\"widget\" data-e-type=\"widget\" data-widget_type=\"spacer.default\">\n\t\t\t\t\t\t\t<div class=\"elementor-spacer\">\n\t\t\t<div class=\"elementor-spacer-inner\"><\/div>\n\t\t<\/div>\n\t\t\t\t\t\t<\/div>\n\t\t\t\t\t<\/div>\n\t\t\t\t<\/div>\n\t\t<div class=\"elementor-element elementor-element-fc4f54c e-flex e-con-boxed e-con e-parent\" data-id=\"fc4f54c\" data-element_type=\"container\" data-e-type=\"container\" data-settings=\"{&quot;_ha_eqh_enable&quot;:false}\">\n\t\t\t\t\t<div class=\"e-con-inner\">\n\t\t\t\t<div class=\"elementor-element elementor-element-7bd4af1 elementor-widget elementor-widget-spacer\" data-id=\"7bd4af1\" data-element_type=\"widget\" data-e-type=\"widget\" data-widget_type=\"spacer.default\">\n\t\t\t\t\t\t\t<div class=\"elementor-spacer\">\n\t\t\t<div class=\"elementor-spacer-inner\"><\/div>\n\t\t<\/div>\n\t\t\t\t\t\t<\/div>\n\t\t\t\t\t<\/div>\n\t\t\t\t<\/div>\n\t\t<div class=\"elementor-element elementor-element-63c640b e-flex e-con-boxed e-con e-parent\" data-id=\"63c640b\" data-element_type=\"container\" data-e-type=\"container\" data-settings=\"{&quot;_ha_eqh_enable&quot;:false}\">\n\t\t\t\t\t<div class=\"e-con-inner\">\n\t\t\t\t<div class=\"elementor-element elementor-element-4d730af elementor-widget elementor-widget-ha-creative-button happy-addon ha-creative-button\" data-id=\"4d730af\" data-element_type=\"widget\" data-e-type=\"widget\" data-widget_type=\"ha-creative-button.default\">\n\t\t\t\t\t\t\t<div data-magnetic=\"no\" class=\"ha-creative-btn-wrap\">\n\t\t\t<a class=\"ha-creative-btn ha-stl--hermosa ha-eft--exploit\" href=\"https:\/\/unionconventions.fr\/en\/\"><span>Return to Homepage<\/span><\/a>\n\t\t<\/div>\t\t\t\t<\/div>\n\t\t\t\t\t<\/div>\n\t\t\t\t<\/div>\n\t\t<div class=\"elementor-element elementor-element-62b8074 e-flex e-con-boxed e-con e-parent\" data-id=\"62b8074\" data-element_type=\"container\" data-e-type=\"container\" data-settings=\"{&quot;_ha_eqh_enable&quot;:false}\">\n\t\t\t\t\t<div class=\"e-con-inner\">\n\t\t\t\t<div class=\"elementor-element elementor-element-4182311 elementor-widget elementor-widget-spacer\" data-id=\"4182311\" data-element_type=\"widget\" data-e-type=\"widget\" data-widget_type=\"spacer.default\">\n\t\t\t\t\t\t\t<div class=\"elementor-spacer\">\n\t\t\t<div class=\"elementor-spacer-inner\"><\/div>\n\t\t<\/div>\n\t\t\t\t\t\t<\/div>\n\t\t\t\t\t<\/div>\n\t\t\t\t<\/div>\n\t\t\t\t<\/div>","protected":false},"excerpt":{"rendered":"<p>Livre d&rsquo;Or Retour \u00e0 l&#039;accueil<\/p>","protected":false},"author":1,"featured_media":0,"parent":0,"menu_order":0,"comment_status":"closed","ping_status":"closed","template":"","meta":{"site-sidebar-layout":"no-sidebar","site-content-layout":"page-builder","ast-site-content-layout":"full-width-container","site-content-style":"unboxed","site-sidebar-style":"unboxed","ast-global-header-display":"","ast-banner-title-visibility":"","ast-main-header-display":"","ast-hfb-above-header-display":"","ast-hfb-below-header-display":"","ast-hfb-mobile-header-display":"","site-post-title":"disabled","ast-breadcrumbs-content":"","ast-featured-img":"disabled","footer-sml-layout":"","theme-transparent-header-meta":"enabled","adv-header-id-meta":"","stick-header-meta":"","header-above-stick-meta":"","header-main-stick-meta":"","header-below-stick-meta":"","astra-migrate-meta-layouts":"set","ast-page-background-enabled":"default","ast-page-background-meta":{"desktop":{"background-color":"","background-image":"","background-repeat":"repeat","background-position":"center center","background-size":"auto","background-attachment":"scroll","background-type":"","background-media":"","overlay-type":"","overlay-color":"","overlay-opacity":"","overlay-gradient":""},"tablet":{"background-color":"","background-image":"","background-repeat":"repeat","background-position":"center center","background-size":"auto","background-attachment":"scroll","background-type":"","background-media":"","overlay-type":"","overlay-color":"","overlay-opacity":"","overlay-gradient":""},"mobile":{"background-color":"","background-image":"","background-repeat":"repeat","background-position":"center center","background-size":"auto","background-attachment":"scroll","background-type":"","background-media":"","overlay-type":"","overlay-color":"","overlay-opacity":"","overlay-gradient":""}},"ast-content-background-meta":{"desktop":{"background-color":"var(--ast-global-color-5)","background-image":"","background-repeat":"repeat","background-position":"center center","background-size":"auto","background-attachment":"scroll","background-type":"","background-media":"","overlay-type":"","overlay-color":"","overlay-opacity":"","overlay-gradient":""},"tablet":{"background-color":"var(--ast-global-color-5)","background-image":"","background-repeat":"repeat","background-position":"center center","background-size":"auto","background-attachment":"scroll","background-type":"","background-media":"","overlay-type":"","overlay-color":"","overlay-opacity":"","overlay-gradient":""},"mobile":{"background-color":"var(--ast-global-color-5)","background-image":"","background-repeat":"repeat","background-position":"center center","background-size":"auto","background-attachment":"scroll","background-type":"","background-media":"","overlay-type":"","overlay-color":"","overlay-opacity":"","overlay-gradient":""}},"footnotes":""},"class_list":["post-3096","page","type-page","status-publish","hentry"],"yoast_head":"<!-- This site is optimized with the Yoast SEO plugin v27.3 - https:\/\/yoast.com\/product\/yoast-seo-wordpress\/ -->\n<title>Livre d&#039;Or - unionconvention<\/title>\n<meta name=\"description\" content=\"Agenda des prochaines conventions de s\u00e9ries \u00e0 Paris. Ne manquez aucun fanmeet et r\u00e9servez vos pass pour rencontrer les acteurs de vos s\u00e9ries pr\u00e9f\u00e9r\u00e9es.\" \/>\n<meta name=\"robots\" content=\"index, follow, max-snippet:-1, max-image-preview:large, max-video-preview:-1\" \/>\n<link rel=\"canonical\" href=\"https:\/\/unionconventions.fr\/en\/livre-dor\/\" \/>\n<meta property=\"og:locale\" content=\"en_GB\" \/>\n<meta property=\"og:type\" content=\"article\" \/>\n<meta property=\"og:title\" content=\"Livre d&#039;Or - unionconvention\" \/>\n<meta property=\"og:description\" content=\"Agenda des prochaines conventions de s\u00e9ries \u00e0 Paris. Ne manquez aucun fanmeet et r\u00e9servez vos pass pour rencontrer les acteurs de vos s\u00e9ries pr\u00e9f\u00e9r\u00e9es.\" \/>\n<meta property=\"og:url\" content=\"https:\/\/unionconventions.fr\/en\/livre-dor\/\" \/>\n<meta property=\"og:site_name\" content=\"unionconvention\" \/>\n<meta property=\"article:publisher\" content=\"https:\/\/www.facebook.com\/UnionAssoc\" \/>\n<meta property=\"article:modified_time\" content=\"2026-04-09T16:14:28+00:00\" \/>\n<meta property=\"og:image\" content=\"https:\/\/unionconventions.fr\/wp-content\/uploads\/2026\/02\/livre_d_or_1.jpg\" \/>\n\t<meta property=\"og:image:width\" content=\"513\" \/>\n\t<meta property=\"og:image:height\" content=\"640\" \/>\n\t<meta property=\"og:image:type\" content=\"image\/jpeg\" \/>\n<meta name=\"twitter:card\" content=\"summary_large_image\" \/>\n<meta name=\"twitter:site\" content=\"@Union_Conv\" \/>\n<meta name=\"twitter:label1\" content=\"Estimated reading time\" \/>\n\t<meta name=\"twitter:data1\" content=\"1 minute\" \/>\n<script type=\"application\/ld+json\" class=\"yoast-schema-graph\">{\"@context\":\"https:\\\/\\\/schema.org\",\"@graph\":[{\"@type\":\"WebPage\",\"@id\":\"https:\\\/\\\/unionconventions.fr\\\/livre-dor\\\/\",\"url\":\"https:\\\/\\\/unionconventions.fr\\\/livre-dor\\\/\",\"name\":\"Livre d'Or - unionconvention\",\"isPartOf\":{\"@id\":\"https:\\\/\\\/unionconventions.fr\\\/#website\"},\"primaryImageOfPage\":{\"@id\":\"https:\\\/\\\/unionconventions.fr\\\/livre-dor\\\/#primaryimage\"},\"image\":{\"@id\":\"https:\\\/\\\/unionconventions.fr\\\/livre-dor\\\/#primaryimage\"},\"thumbnailUrl\":\"https:\\\/\\\/unionconventions.fr\\\/wp-content\\\/uploads\\\/2026\\\/02\\\/livre_d_or_1.jpg\",\"datePublished\":\"2026-04-09T16:02:56+00:00\",\"dateModified\":\"2026-04-09T16:14:28+00:00\",\"description\":\"Agenda des prochaines conventions de s\u00e9ries \u00e0 Paris. Ne manquez aucun fanmeet et r\u00e9servez vos pass pour rencontrer les acteurs de vos s\u00e9ries pr\u00e9f\u00e9r\u00e9es.\",\"breadcrumb\":{\"@id\":\"https:\\\/\\\/unionconventions.fr\\\/livre-dor\\\/#breadcrumb\"},\"inLanguage\":\"en-GB\",\"potentialAction\":[{\"@type\":\"ReadAction\",\"target\":[\"https:\\\/\\\/unionconventions.fr\\\/livre-dor\\\/\"]}]},{\"@type\":\"ImageObject\",\"inLanguage\":\"en-GB\",\"@id\":\"https:\\\/\\\/unionconventions.fr\\\/livre-dor\\\/#primaryimage\",\"url\":\"https:\\\/\\\/unionconventions.fr\\\/wp-content\\\/uploads\\\/2026\\\/02\\\/livre_d_or_1.jpg\",\"contentUrl\":\"https:\\\/\\\/unionconventions.fr\\\/wp-content\\\/uploads\\\/2026\\\/02\\\/livre_d_or_1.jpg\"},{\"@type\":\"BreadcrumbList\",\"@id\":\"https:\\\/\\\/unionconventions.fr\\\/livre-dor\\\/#breadcrumb\",\"itemListElement\":[{\"@type\":\"ListItem\",\"position\":1,\"name\":\"Accueil\",\"item\":\"https:\\\/\\\/unionconventions.fr\\\/\"},{\"@type\":\"ListItem\",\"position\":2,\"name\":\"Livre d&rsquo;Or\"}]},{\"@type\":\"WebSite\",\"@id\":\"https:\\\/\\\/unionconventions.fr\\\/#website\",\"url\":\"https:\\\/\\\/unionconventions.fr\\\/\",\"name\":\"unionconvention\",\"description\":\"\",\"publisher\":{\"@id\":\"https:\\\/\\\/unionconventions.fr\\\/#organization\"},\"potentialAction\":[{\"@type\":\"SearchAction\",\"target\":{\"@type\":\"EntryPoint\",\"urlTemplate\":\"https:\\\/\\\/unionconventions.fr\\\/?s={search_term_string}\"},\"query-input\":{\"@type\":\"PropertyValueSpecification\",\"valueRequired\":true,\"valueName\":\"search_term_string\"}}],\"inLanguage\":\"en-GB\"},{\"@type\":\"Organization\",\"@id\":\"https:\\\/\\\/unionconventions.fr\\\/#organization\",\"name\":\"unionconvention\",\"url\":\"https:\\\/\\\/unionconventions.fr\\\/\",\"logo\":{\"@type\":\"ImageObject\",\"inLanguage\":\"en-GB\",\"@id\":\"https:\\\/\\\/unionconventions.fr\\\/#\\\/schema\\\/logo\\\/image\\\/\",\"url\":\"https:\\\/\\\/unionconventions.fr\\\/wp-content\\\/uploads\\\/2026\\\/01\\\/new_logo_white_union-Photoroom.png\",\"contentUrl\":\"https:\\\/\\\/unionconventions.fr\\\/wp-content\\\/uploads\\\/2026\\\/01\\\/new_logo_white_union-Photoroom.png\",\"width\":1081,\"height\":1081,\"caption\":\"unionconvention\"},\"image\":{\"@id\":\"https:\\\/\\\/unionconventions.fr\\\/#\\\/schema\\\/logo\\\/image\\\/\"},\"sameAs\":[\"https:\\\/\\\/www.facebook.com\\\/UnionAssoc\",\"https:\\\/\\\/x.com\\\/Union_Conv\",\"https:\\\/\\\/www.instagram.com\\\/unionconventions\\\/\"]}]}<\/script>\n<!-- \/ Yoast SEO plugin. -->","yoast_head_json":{"title":"Livre d'Or - unionconvention","description":"Agenda des prochaines conventions de s\u00e9ries \u00e0 Paris. Ne manquez aucun fanmeet et r\u00e9servez vos pass pour rencontrer les acteurs de vos s\u00e9ries pr\u00e9f\u00e9r\u00e9es.","robots":{"index":"index","follow":"follow","max-snippet":"max-snippet:-1","max-image-preview":"max-image-preview:large","max-video-preview":"max-video-preview:-1"},"canonical":"https:\/\/unionconventions.fr\/en\/livre-dor\/","og_locale":"en_GB","og_type":"article","og_title":"Livre d'Or - unionconvention","og_description":"Agenda des prochaines conventions de s\u00e9ries \u00e0 Paris. Ne manquez aucun fanmeet et r\u00e9servez vos pass pour rencontrer les acteurs de vos s\u00e9ries pr\u00e9f\u00e9r\u00e9es.","og_url":"https:\/\/unionconventions.fr\/en\/livre-dor\/","og_site_name":"unionconvention","article_publisher":"https:\/\/www.facebook.com\/UnionAssoc","article_modified_time":"2026-04-09T16:14:28+00:00","og_image":[{"width":513,"height":640,"url":"https:\/\/unionconventions.fr\/wp-content\/uploads\/2026\/02\/livre_d_or_1.jpg","type":"image\/jpeg"}],"twitter_card":"summary_large_image","twitter_site":"@Union_Conv","twitter_misc":{"Estimated reading time":"1 minute"},"schema":{"@context":"https:\/\/schema.org","@graph":[{"@type":"WebPage","@id":"https:\/\/unionconventions.fr\/livre-dor\/","url":"https:\/\/unionconventions.fr\/livre-dor\/","name":"Livre d'Or - unionconvention","isPartOf":{"@id":"https:\/\/unionconventions.fr\/#website"},"primaryImageOfPage":{"@id":"https:\/\/unionconventions.fr\/livre-dor\/#primaryimage"},"image":{"@id":"https:\/\/unionconventions.fr\/livre-dor\/#primaryimage"},"thumbnailUrl":"https:\/\/unionconventions.fr\/wp-content\/uploads\/2026\/02\/livre_d_or_1.jpg","datePublished":"2026-04-09T16:02:56+00:00","dateModified":"2026-04-09T16:14:28+00:00","description":"Agenda des prochaines conventions de s\u00e9ries \u00e0 Paris. Ne manquez aucun fanmeet et r\u00e9servez vos pass pour rencontrer les acteurs de vos s\u00e9ries pr\u00e9f\u00e9r\u00e9es.","breadcrumb":{"@id":"https:\/\/unionconventions.fr\/livre-dor\/#breadcrumb"},"inLanguage":"en-GB","potentialAction":[{"@type":"ReadAction","target":["https:\/\/unionconventions.fr\/livre-dor\/"]}]},{"@type":"ImageObject","inLanguage":"en-GB","@id":"https:\/\/unionconventions.fr\/livre-dor\/#primaryimage","url":"https:\/\/unionconventions.fr\/wp-content\/uploads\/2026\/02\/livre_d_or_1.jpg","contentUrl":"https:\/\/unionconventions.fr\/wp-content\/uploads\/2026\/02\/livre_d_or_1.jpg"},{"@type":"BreadcrumbList","@id":"https:\/\/unionconventions.fr\/livre-dor\/#breadcrumb","itemListElement":[{"@type":"ListItem","position":1,"name":"Accueil","item":"https:\/\/unionconventions.fr\/"},{"@type":"ListItem","position":2,"name":"Livre d&rsquo;Or"}]},{"@type":"WebSite","@id":"https:\/\/unionconventions.fr\/#website","url":"https:\/\/unionconventions.fr\/","name":"unionconvention","description":"","publisher":{"@id":"https:\/\/unionconventions.fr\/#organization"},"potentialAction":[{"@type":"SearchAction","target":{"@type":"EntryPoint","urlTemplate":"https:\/\/unionconventions.fr\/?s={search_term_string}"},"query-input":{"@type":"PropertyValueSpecification","valueRequired":true,"valueName":"search_term_string"}}],"inLanguage":"en-GB"},{"@type":"Organization","@id":"https:\/\/unionconventions.fr\/#organization","name":"unionconvention","url":"https:\/\/unionconventions.fr\/","logo":{"@type":"ImageObject","inLanguage":"en-GB","@id":"https:\/\/unionconventions.fr\/#\/schema\/logo\/image\/","url":"https:\/\/unionconventions.fr\/wp-content\/uploads\/2026\/01\/new_logo_white_union-Photoroom.png","contentUrl":"https:\/\/unionconventions.fr\/wp-content\/uploads\/2026\/01\/new_logo_white_union-Photoroom.png","width":1081,"height":1081,"caption":"unionconvention"},"image":{"@id":"https:\/\/unionconventions.fr\/#\/schema\/logo\/image\/"},"sameAs":["https:\/\/www.facebook.com\/UnionAssoc","https:\/\/x.com\/Union_Conv","https:\/\/www.instagram.com\/unionconventions\/"]}]}},"_links":{"self":[{"href":"https:\/\/unionconventions.fr\/en\/wp-json\/wp\/v2\/pages\/3096","targetHints":{"allow":["GET"]}}],"collection":[{"href":"https:\/\/unionconventions.fr\/en\/wp-json\/wp\/v2\/pages"}],"about":[{"href":"https:\/\/unionconventions.fr\/en\/wp-json\/wp\/v2\/types\/page"}],"author":[{"embeddable":true,"href":"https:\/\/unionconventions.fr\/en\/wp-json\/wp\/v2\/users\/1"}],"replies":[{"embeddable":true,"href":"https:\/\/unionconventions.fr\/en\/wp-json\/wp\/v2\/comments?post=3096"}],"version-history":[{"count":4,"href":"https:\/\/unionconventions.fr\/en\/wp-json\/wp\/v2\/pages\/3096\/revisions"}],"predecessor-version":[{"id":3101,"href":"https:\/\/unionconventions.fr\/en\/wp-json\/wp\/v2\/pages\/3096\/revisions\/3101"}],"wp:attachment":[{"href":"https:\/\/unionconventions.fr\/en\/wp-json\/wp\/v2\/media?parent=3096"}],"curies":[{"name":"wp","href":"https:\/\/api.w.org\/{rel}","templated":true}]}}