{"id":2313,"date":"2026-02-10T23:57:15","date_gmt":"2026-02-10T22:57:15","guid":{"rendered":"https:\/\/unionconventions.fr\/?page_id=2313"},"modified":"2026-02-11T00:00:17","modified_gmt":"2026-02-10T23:00:17","slug":"maintenance","status":"publish","type":"page","link":"https:\/\/unionconventions.fr\/en\/maintenance\/","title":{"rendered":"Maintenance"},"content":{"rendered":"<div data-elementor-type=\"wp-page\" data-elementor-id=\"2313\" class=\"elementor elementor-2313\" data-elementor-settings=\"{&quot;ha_cmc_init_switcher&quot;:&quot;no&quot;}\">\n\t\t\t\t<div class=\"elementor-element elementor-element-8aa6ec2 e-flex e-con-boxed e-con e-parent\" data-id=\"8aa6ec2\" data-element_type=\"container\" data-e-type=\"container\" data-settings=\"{&quot;background_background&quot;:&quot;classic&quot;,&quot;_ha_eqh_enable&quot;:false}\">\n\t\t\t\t\t<div class=\"e-con-inner\">\n\t\t<div class=\"elementor-element elementor-element-d91f583 e-con-full e-flex e-con e-child\" data-id=\"d91f583\" data-element_type=\"container\" data-e-type=\"container\" data-settings=\"{&quot;_ha_eqh_enable&quot;:false}\">\n\t\t\t\t<div class=\"elementor-element elementor-element-49ccf00 elementor-invisible elementor-widget elementor-widget-heading\" data-id=\"49ccf00\" data-element_type=\"widget\" data-e-type=\"widget\" data-settings=\"{&quot;_animation&quot;:&quot;fadeInUp&quot;}\" data-widget_type=\"heading.default\">\n\t\t\t\t\t<h1 class=\"elementor-heading-title elementor-size-default\">Union Conventions<\/h1>\t\t\t\t<\/div>\n\t\t\t\t<div class=\"elementor-element elementor-element-e920492 elementor-widget elementor-widget-spacer\" data-id=\"e920492\" data-element_type=\"widget\" data-e-type=\"widget\" data-widget_type=\"spacer.default\">\n\t\t\t\t\t\t\t<div class=\"elementor-spacer\">\n\t\t\t<div class=\"elementor-spacer-inner\"><\/div>\n\t\t<\/div>\n\t\t\t\t\t\t<\/div>\n\t\t\t\t<div class=\"elementor-element elementor-element-a4b84bf elementor-invisible elementor-widget elementor-widget-text-editor\" data-id=\"a4b84bf\" data-element_type=\"widget\" data-e-type=\"widget\" data-settings=\"{&quot;_animation&quot;:&quot;fadeInUp&quot;}\" data-widget_type=\"text-editor.default\">\n\t\t\t\t\t\t\t\t\t<p>From your hearts to Paris: meet your favorite actors while supporting great causes !<\/p>\t\t\t\t\t\t\t\t<\/div>\n\t\t\t\t<div class=\"elementor-element elementor-element-84af5ee elementor-invisible elementor-widget elementor-widget-text-editor\" data-id=\"84af5ee\" data-element_type=\"widget\" data-e-type=\"widget\" data-settings=\"{&quot;_animation&quot;:&quot;fadeInUp&quot;}\" data-widget_type=\"text-editor.default\">\n\t\t\t\t\t\t\t\t\t<p>Site web actuellement en maintenance. Nous revenons tr\u00e8s bient\u00f4t.<\/p>\t\t\t\t\t\t\t\t<\/div>\n\t\t\t\t<\/div>\n\t\t\t\t\t<\/div>\n\t\t\t\t<\/div>\n\t\t\t\t<\/div>","protected":false},"excerpt":{"rendered":"<p>Union Conventions De vos c\u0153urs \u00e0 Paris : rencontrez vos acteurs pr\u00e9f\u00e9r\u00e9s tout en soutenant de grandes causes ! Site web actuellement en maintenance. Nous revenons tr\u00e8s bient\u00f4t.<\/p>","protected":false},"author":1,"featured_media":0,"parent":0,"menu_order":0,"comment_status":"closed","ping_status":"closed","template":"elementor_canvas","meta":{"site-sidebar-layout":"no-sidebar","site-content-layout":"page-builder","ast-site-content-layout":"full-width-container","site-content-style":"default","site-sidebar-style":"default","ast-global-header-display":"","ast-banner-title-visibility":"","ast-main-header-display":"","ast-hfb-above-header-display":"","ast-hfb-below-header-display":"","ast-hfb-mobile-header-display":"","site-post-title":"","ast-breadcrumbs-content":"","ast-featured-img":"disabled","footer-sml-layout":"","theme-transparent-header-meta":"","adv-header-id-meta":"","stick-header-meta":"","header-above-stick-meta":"","header-main-stick-meta":"","header-below-stick-meta":"","astra-migrate-meta-layouts":"set","ast-page-background-enabled":"default","ast-page-background-meta":{"desktop":{"background-color":"","background-image":"","background-repeat":"repeat","background-position":"center center","background-size":"auto","background-attachment":"scroll","background-type":"","background-media":"","overlay-type":"","overlay-color":"","overlay-opacity":"","overlay-gradient":""},"tablet":{"background-color":"","background-image":"","background-repeat":"repeat","background-position":"center center","background-size":"auto","background-attachment":"scroll","background-type":"","background-media":"","overlay-type":"","overlay-color":"","overlay-opacity":"","overlay-gradient":""},"mobile":{"background-color":"","background-image":"","background-repeat":"repeat","background-position":"center center","background-size":"auto","background-attachment":"scroll","background-type":"","background-media":"","overlay-type":"","overlay-color":"","overlay-opacity":"","overlay-gradient":""}},"ast-content-background-meta":{"desktop":{"background-color":"var(--ast-global-color-5)","background-image":"","background-repeat":"repeat","background-position":"center center","background-size":"auto","background-attachment":"scroll","background-type":"","background-media":"","overlay-type":"","overlay-color":"","overlay-opacity":"","overlay-gradient":""},"tablet":{"background-color":"var(--ast-global-color-5)","background-image":"","background-repeat":"repeat","background-position":"center center","background-size":"auto","background-attachment":"scroll","background-type":"","background-media":"","overlay-type":"","overlay-color":"","overlay-opacity":"","overlay-gradient":""},"mobile":{"background-color":"var(--ast-global-color-5)","background-image":"","background-repeat":"repeat","background-position":"center center","background-size":"auto","background-attachment":"scroll","background-type":"","background-media":"","overlay-type":"","overlay-color":"","overlay-opacity":"","overlay-gradient":""}},"footnotes":""},"class_list":["post-2313","page","type-page","status-publish","hentry"],"yoast_head":"<!-- This site is optimized with the Yoast SEO plugin v27.3 - https:\/\/yoast.com\/product\/yoast-seo-wordpress\/ -->\n<title>Maintenance - unionconvention<\/title>\n<meta name=\"robots\" content=\"index, follow, max-snippet:-1, max-image-preview:large, max-video-preview:-1\" \/>\n<link rel=\"canonical\" href=\"https:\/\/unionconventions.fr\/en\/maintenance\/\" \/>\n<meta property=\"og:locale\" content=\"en_GB\" \/>\n<meta property=\"og:type\" content=\"article\" \/>\n<meta property=\"og:title\" content=\"Maintenance - unionconvention\" \/>\n<meta property=\"og:description\" content=\"Union Conventions De vos c\u0153urs \u00e0 Paris : rencontrez vos acteurs pr\u00e9f\u00e9r\u00e9s tout en soutenant de grandes causes ! Site web actuellement en maintenance. Nous revenons tr\u00e8s bient\u00f4t.\" \/>\n<meta property=\"og:url\" content=\"https:\/\/unionconventions.fr\/en\/maintenance\/\" \/>\n<meta property=\"og:site_name\" content=\"unionconvention\" \/>\n<meta property=\"article:publisher\" content=\"https:\/\/www.facebook.com\/UnionAssoc\" \/>\n<meta property=\"article:modified_time\" content=\"2026-02-10T23:00:17+00:00\" \/>\n<meta property=\"og:image\" content=\"https:\/\/unionconventions.fr\/wp-content\/uploads\/2026\/01\/new_logo_white_union.png\" \/>\n\t<meta property=\"og:image:width\" content=\"1081\" \/>\n\t<meta property=\"og:image:height\" content=\"1081\" \/>\n\t<meta property=\"og:image:type\" content=\"image\/png\" \/>\n<meta name=\"twitter:card\" content=\"summary_large_image\" \/>\n<meta name=\"twitter:site\" content=\"@Union_Conv\" \/>\n<script type=\"application\/ld+json\" class=\"yoast-schema-graph\">{\"@context\":\"https:\\\/\\\/schema.org\",\"@graph\":[{\"@type\":\"WebPage\",\"@id\":\"https:\\\/\\\/unionconventions.fr\\\/maintenance\\\/\",\"url\":\"https:\\\/\\\/unionconventions.fr\\\/maintenance\\\/\",\"name\":\"Maintenance - unionconvention\",\"isPartOf\":{\"@id\":\"https:\\\/\\\/unionconventions.fr\\\/#website\"},\"datePublished\":\"2026-02-10T22:57:15+00:00\",\"dateModified\":\"2026-02-10T23:00:17+00:00\",\"breadcrumb\":{\"@id\":\"https:\\\/\\\/unionconventions.fr\\\/maintenance\\\/#breadcrumb\"},\"inLanguage\":\"en-GB\",\"potentialAction\":[{\"@type\":\"ReadAction\",\"target\":[\"https:\\\/\\\/unionconventions.fr\\\/maintenance\\\/\"]}]},{\"@type\":\"BreadcrumbList\",\"@id\":\"https:\\\/\\\/unionconventions.fr\\\/maintenance\\\/#breadcrumb\",\"itemListElement\":[{\"@type\":\"ListItem\",\"position\":1,\"name\":\"Accueil\",\"item\":\"https:\\\/\\\/unionconventions.fr\\\/\"},{\"@type\":\"ListItem\",\"position\":2,\"name\":\"Maintenance\"}]},{\"@type\":\"WebSite\",\"@id\":\"https:\\\/\\\/unionconventions.fr\\\/#website\",\"url\":\"https:\\\/\\\/unionconventions.fr\\\/\",\"name\":\"unionconvention\",\"description\":\"\",\"publisher\":{\"@id\":\"https:\\\/\\\/unionconventions.fr\\\/#organization\"},\"potentialAction\":[{\"@type\":\"SearchAction\",\"target\":{\"@type\":\"EntryPoint\",\"urlTemplate\":\"https:\\\/\\\/unionconventions.fr\\\/?s={search_term_string}\"},\"query-input\":{\"@type\":\"PropertyValueSpecification\",\"valueRequired\":true,\"valueName\":\"search_term_string\"}}],\"inLanguage\":\"en-GB\"},{\"@type\":\"Organization\",\"@id\":\"https:\\\/\\\/unionconventions.fr\\\/#organization\",\"name\":\"unionconvention\",\"url\":\"https:\\\/\\\/unionconventions.fr\\\/\",\"logo\":{\"@type\":\"ImageObject\",\"inLanguage\":\"en-GB\",\"@id\":\"https:\\\/\\\/unionconventions.fr\\\/#\\\/schema\\\/logo\\\/image\\\/\",\"url\":\"https:\\\/\\\/unionconventions.fr\\\/wp-content\\\/uploads\\\/2026\\\/01\\\/new_logo_white_union-Photoroom.png\",\"contentUrl\":\"https:\\\/\\\/unionconventions.fr\\\/wp-content\\\/uploads\\\/2026\\\/01\\\/new_logo_white_union-Photoroom.png\",\"width\":1081,\"height\":1081,\"caption\":\"unionconvention\"},\"image\":{\"@id\":\"https:\\\/\\\/unionconventions.fr\\\/#\\\/schema\\\/logo\\\/image\\\/\"},\"sameAs\":[\"https:\\\/\\\/www.facebook.com\\\/UnionAssoc\",\"https:\\\/\\\/x.com\\\/Union_Conv\",\"https:\\\/\\\/www.instagram.com\\\/unionconventions\\\/\"]}]}<\/script>\n<!-- \/ Yoast SEO plugin. -->","yoast_head_json":{"title":"Maintenance - unionconvention","robots":{"index":"index","follow":"follow","max-snippet":"max-snippet:-1","max-image-preview":"max-image-preview:large","max-video-preview":"max-video-preview:-1"},"canonical":"https:\/\/unionconventions.fr\/en\/maintenance\/","og_locale":"en_GB","og_type":"article","og_title":"Maintenance - unionconvention","og_description":"Union Conventions De vos c\u0153urs \u00e0 Paris : rencontrez vos acteurs pr\u00e9f\u00e9r\u00e9s tout en soutenant de grandes causes ! Site web actuellement en maintenance. Nous revenons tr\u00e8s bient\u00f4t.","og_url":"https:\/\/unionconventions.fr\/en\/maintenance\/","og_site_name":"unionconvention","article_publisher":"https:\/\/www.facebook.com\/UnionAssoc","article_modified_time":"2026-02-10T23:00:17+00:00","og_image":[{"width":1081,"height":1081,"url":"https:\/\/unionconventions.fr\/wp-content\/uploads\/2026\/01\/new_logo_white_union.png","type":"image\/png"}],"twitter_card":"summary_large_image","twitter_site":"@Union_Conv","schema":{"@context":"https:\/\/schema.org","@graph":[{"@type":"WebPage","@id":"https:\/\/unionconventions.fr\/maintenance\/","url":"https:\/\/unionconventions.fr\/maintenance\/","name":"Maintenance - unionconvention","isPartOf":{"@id":"https:\/\/unionconventions.fr\/#website"},"datePublished":"2026-02-10T22:57:15+00:00","dateModified":"2026-02-10T23:00:17+00:00","breadcrumb":{"@id":"https:\/\/unionconventions.fr\/maintenance\/#breadcrumb"},"inLanguage":"en-GB","potentialAction":[{"@type":"ReadAction","target":["https:\/\/unionconventions.fr\/maintenance\/"]}]},{"@type":"BreadcrumbList","@id":"https:\/\/unionconventions.fr\/maintenance\/#breadcrumb","itemListElement":[{"@type":"ListItem","position":1,"name":"Accueil","item":"https:\/\/unionconventions.fr\/"},{"@type":"ListItem","position":2,"name":"Maintenance"}]},{"@type":"WebSite","@id":"https:\/\/unionconventions.fr\/#website","url":"https:\/\/unionconventions.fr\/","name":"unionconvention","description":"","publisher":{"@id":"https:\/\/unionconventions.fr\/#organization"},"potentialAction":[{"@type":"SearchAction","target":{"@type":"EntryPoint","urlTemplate":"https:\/\/unionconventions.fr\/?s={search_term_string}"},"query-input":{"@type":"PropertyValueSpecification","valueRequired":true,"valueName":"search_term_string"}}],"inLanguage":"en-GB"},{"@type":"Organization","@id":"https:\/\/unionconventions.fr\/#organization","name":"unionconvention","url":"https:\/\/unionconventions.fr\/","logo":{"@type":"ImageObject","inLanguage":"en-GB","@id":"https:\/\/unionconventions.fr\/#\/schema\/logo\/image\/","url":"https:\/\/unionconventions.fr\/wp-content\/uploads\/2026\/01\/new_logo_white_union-Photoroom.png","contentUrl":"https:\/\/unionconventions.fr\/wp-content\/uploads\/2026\/01\/new_logo_white_union-Photoroom.png","width":1081,"height":1081,"caption":"unionconvention"},"image":{"@id":"https:\/\/unionconventions.fr\/#\/schema\/logo\/image\/"},"sameAs":["https:\/\/www.facebook.com\/UnionAssoc","https:\/\/x.com\/Union_Conv","https:\/\/www.instagram.com\/unionconventions\/"]}]}},"_links":{"self":[{"href":"https:\/\/unionconventions.fr\/en\/wp-json\/wp\/v2\/pages\/2313","targetHints":{"allow":["GET"]}}],"collection":[{"href":"https:\/\/unionconventions.fr\/en\/wp-json\/wp\/v2\/pages"}],"about":[{"href":"https:\/\/unionconventions.fr\/en\/wp-json\/wp\/v2\/types\/page"}],"author":[{"embeddable":true,"href":"https:\/\/unionconventions.fr\/en\/wp-json\/wp\/v2\/users\/1"}],"replies":[{"embeddable":true,"href":"https:\/\/unionconventions.fr\/en\/wp-json\/wp\/v2\/comments?post=2313"}],"version-history":[{"count":4,"href":"https:\/\/unionconventions.fr\/en\/wp-json\/wp\/v2\/pages\/2313\/revisions"}],"predecessor-version":[{"id":2318,"href":"https:\/\/unionconventions.fr\/en\/wp-json\/wp\/v2\/pages\/2313\/revisions\/2318"}],"wp:attachment":[{"href":"https:\/\/unionconventions.fr\/en\/wp-json\/wp\/v2\/media?parent=2313"}],"curies":[{"name":"wp","href":"https:\/\/api.w.org\/{rel}","templated":true}]}}