{"id":1768,"date":"2026-01-28T17:37:39","date_gmt":"2026-01-28T16:37:39","guid":{"rendered":"https:\/\/unionconventions.fr\/?page_id=1768"},"modified":"2026-03-31T15:51:04","modified_gmt":"2026-03-31T13:51:04","slug":"mentions-legales-et-politique-de-confidentialite","status":"publish","type":"page","link":"https:\/\/unionconventions.fr\/en\/mentions-legales-et-politique-de-confidentialite\/","title":{"rendered":"Mentions l\u00e9gales et politique de confidentialit\u00e9"},"content":{"rendered":"<div data-elementor-type=\"wp-page\" data-elementor-id=\"1768\" class=\"elementor elementor-1768\" data-elementor-settings=\"{&quot;ha_cmc_init_switcher&quot;:&quot;no&quot;}\">\n\t\t\t\t<div class=\"elementor-element elementor-element-77b693e e-con-full e-flex e-con e-parent\" data-id=\"77b693e\" data-element_type=\"container\" data-e-type=\"container\" data-settings=\"{&quot;background_background&quot;:&quot;classic&quot;,&quot;_ha_eqh_enable&quot;:false}\">\n\t\t<div class=\"elementor-element elementor-element-05634f7 e-con-full e-flex e-con e-child\" data-id=\"05634f7\" data-element_type=\"container\" data-e-type=\"container\" data-settings=\"{&quot;_ha_eqh_enable&quot;:false}\">\n\t\t\t\t<div class=\"elementor-element elementor-element-f421750 elementor-widget elementor-widget-heading\" data-id=\"f421750\" data-element_type=\"widget\" data-e-type=\"widget\" data-widget_type=\"heading.default\">\n\t\t\t\t\t<h1 class=\"elementor-heading-title elementor-size-default\">Mentions l\u00e9gales et politique de confidentialit\u00e9<\/h1>\t\t\t\t<\/div>\n\t\t\t\t<div class=\"elementor-element elementor-element-e847a19 elementor-widget-divider--view-line elementor-widget elementor-widget-divider\" data-id=\"e847a19\" data-element_type=\"widget\" data-e-type=\"widget\" data-widget_type=\"divider.default\">\n\t\t\t\t\t\t\t<div class=\"elementor-divider\">\n\t\t\t<span class=\"elementor-divider-separator\">\n\t\t\t\t\t\t<\/span>\n\t\t<\/div>\n\t\t\t\t\t\t<\/div>\n\t\t\t\t<\/div>\n\t\t\t\t<\/div>\n\t\t<div class=\"elementor-element elementor-element-8f7108c e-flex e-con-boxed e-con e-parent\" data-id=\"8f7108c\" data-element_type=\"container\" data-e-type=\"container\" data-settings=\"{&quot;background_background&quot;:&quot;gradient&quot;,&quot;_ha_eqh_enable&quot;:false}\">\n\t\t\t\t\t<div class=\"e-con-inner\">\n\t\t<div class=\"elementor-element elementor-element-047bb8c e-con-full e-flex e-con e-child\" data-id=\"047bb8c\" data-element_type=\"container\" data-e-type=\"container\" data-settings=\"{&quot;_ha_eqh_enable&quot;:false}\">\n\t\t<div class=\"elementor-element elementor-element-80d3ec1 e-con-full e-flex e-con e-child\" data-id=\"80d3ec1\" data-element_type=\"container\" data-e-type=\"container\" data-settings=\"{&quot;_ha_eqh_enable&quot;:false}\">\n\t\t<div class=\"elementor-element elementor-element-e87cd1a e-flex e-con-boxed e-con e-child\" data-id=\"e87cd1a\" data-element_type=\"container\" data-e-type=\"container\" data-settings=\"{&quot;_ha_eqh_enable&quot;:false}\">\n\t\t\t\t\t<div class=\"e-con-inner\">\n\t\t\t\t<div class=\"elementor-element elementor-element-7e0e79e elementor-widget elementor-widget-text-editor\" data-id=\"7e0e79e\" data-element_type=\"widget\" data-e-type=\"widget\" data-widget_type=\"text-editor.default\">\n\t\t\t\t\t\t\t\t\t<p>Conform\u00e9ment aux dispositions des Articles 6-III et 19 de la Loi n\u00b02004-575 du 21 juin 2004 pour la Confiance dans l\u2019\u00e9conomie num\u00e9rique, dite L.C.E.N., il est port\u00e9 \u00e0 la connaissance des Utilisateurs du site www.unionconventions.fr les pr\u00e9sentes mentions l\u00e9gales.<\/p><p>La connexion et la navigation sur le site www.unionconventions.fr par l\u2019Utilisateur implique l\u2019acceptation int\u00e9grale et sans r\u00e9serve des pr\u00e9sentes mentions l\u00e9gales.<\/p><p>Ces derni\u00e8res sont accessibles sur le site \u00e0 la rubrique \u00ab Mentions l\u00e9gales \u00bb.<\/p><p><span style=\"text-decoration: underline;\"><strong>ARTICLE 1 : L\u2019\u00c9DITEUR<\/strong><\/span><\/p><p>L\u2019\u00e9dition et la direction de la publication du site www.unionconventions.fr est assur\u00e9e par Angelo Polveroni.<\/p><p><span style=\"text-decoration: underline;\"><strong>ARTICLE 2 : L\u2019H\u00c9BERGEUR<\/strong><\/span><\/p><p>L\u2019h\u00e9bergeur du site www.unionconventions.fr est la Soci\u00e9t\u00e9 OVH, dont le si\u00e8ge social est situ\u00e9 au 2 rue Kellermann \u2013 BP 80157 59053 ROUBAIX CEDEX 1.<\/p><p><span style=\"text-decoration: underline;\"><strong>ARTICLE 3 : ACC\u00c8S AU SITE<\/strong><\/span><\/p><p>Le site est accessible par tout endroit, 7j\/7, 24h\/24 sauf cas de force majeure, interruption programm\u00e9e ou non et pouvant d\u00e9coulant d\u2019une n\u00e9cessit\u00e9 de maintenance.<br \/>En cas de modification, interruption ou suspension des services, le site www.unionconventions.fr ne saurait \u00eatre tenu responsable.<\/p><p><span style=\"text-decoration: underline;\"><strong>ARTICLE 4 : COLLECTE DES DONN\u00c9ES<\/strong><\/span><\/p><p>Le site est exempt\u00e9 de d\u00e9claration \u00e0 la Commission Nationale Informatique et Libert\u00e9s (CNIL) dans la mesure o\u00f9 il ne collecte aucune donn\u00e9e concernant les utilisateurs.<\/p><p><span style=\"text-decoration: underline;\"><strong>ARTICLE 5 : COOKIES<\/strong><\/span><\/p><p>L\u2019Utilisateur est inform\u00e9 que lors de ses visites sur le site, un cookie peut s\u2019installer automatiquement sur son logiciel de navigation.<\/p><p>En naviguant sur le site, il les accepte.<\/p><p>Un cookie est un \u00e9l\u00e9ment qui ne permet pas d\u2019identifier l\u2019Utilisateur mais sert \u00e0 enregistrer des informations relatives \u00e0 la navigation de celui-ci sur le site Internet. L\u2019Utilisateur pourra d\u00e9sactiver ce cookie par l\u2019interm\u00e9diaire des param\u00e8tres figurant au sein de son logiciel de navigation.<\/p><p><strong><span style=\"text-decoration: underline;\">ARTICLE 6 : PROPRI\u00c9T\u00c9 INTELLECTUELLE<\/span><\/strong><\/p><p>Toute utilisation, reproduction, diffusion, commercialisation, modification de toute ou partie du site www.unionconventions.fr sans autorisation de l\u2019\u00c9diteur est prohib\u00e9e et pourra entra\u00een\u00e9e des actions et poursuites judiciaires telles que notamment pr\u00e9vues par le Code de la propri\u00e9t\u00e9 intellectuelle et le Code civil.<\/p><p data-start=\"377\" data-end=\"596\">Supporting just one association was too complicated. That\u2019s why we decided to support one association per convention we organize, so we can help as many people and causes as possible.<\/p><p data-start=\"598\" data-end=\"950\" data-is-last-node=\"\" data-is-only-node=\"\">At the end of each convention, we announce the amount raised for the associations we support to show fans that by attending the convention, they not only had the chance to meet actors from a series, but, most importantly, were able to contribute to the cause we chose to support during the event.<\/p>\t\t\t\t\t\t\t\t<\/div>\n\t\t\t\t<div class=\"elementor-element elementor-element-fd3e750 elementor-hidden-mobile elementor-widget elementor-widget-spacer\" data-id=\"fd3e750\" data-element_type=\"widget\" data-e-type=\"widget\" data-widget_type=\"spacer.default\">\n\t\t\t\t\t\t\t<div class=\"elementor-spacer\">\n\t\t\t<div class=\"elementor-spacer-inner\"><\/div>\n\t\t<\/div>\n\t\t\t\t\t\t<\/div>\n\t\t\t\t\t<\/div>\n\t\t\t\t<\/div>\n\t\t\t\t<\/div>\n\t\t\t\t<\/div>\n\t\t\t\t\t<\/div>\n\t\t\t\t<\/div>\n\t\t<div class=\"elementor-element elementor-element-dd2374e e-flex e-con-boxed e-con e-parent\" data-id=\"dd2374e\" data-element_type=\"container\" data-e-type=\"container\" data-settings=\"{&quot;background_background&quot;:&quot;classic&quot;,&quot;_ha_eqh_enable&quot;:false}\">\n\t\t\t\t\t<div class=\"e-con-inner\">\n\t\t\t\t<div class=\"elementor-element elementor-element-4df5783 elementor-widget elementor-widget-spacer\" data-id=\"4df5783\" data-element_type=\"widget\" data-e-type=\"widget\" data-widget_type=\"spacer.default\">\n\t\t\t\t\t\t\t<div class=\"elementor-spacer\">\n\t\t\t<div class=\"elementor-spacer-inner\"><\/div>\n\t\t<\/div>\n\t\t\t\t\t\t<\/div>\n\t\t\t\t<div class=\"elementor-element elementor-element-3fe2df9 elementor-widget elementor-widget-ha-creative-button happy-addon ha-creative-button\" data-id=\"3fe2df9\" data-element_type=\"widget\" data-e-type=\"widget\" data-widget_type=\"ha-creative-button.default\">\n\t\t\t\t\t\t\t<div data-magnetic=\"no\" class=\"ha-creative-btn-wrap\">\n\t\t\t<a class=\"ha-creative-btn ha-stl--hermosa ha-eft--exploit\" href=\"https:\/\/unionconventions.fr\/en\/\"><span>Return to Homepage<\/span><\/a>\n\t\t<\/div>\t\t\t\t<\/div>\n\t\t\t\t<div class=\"elementor-element elementor-element-0df8830 elementor-widget elementor-widget-spacer\" data-id=\"0df8830\" data-element_type=\"widget\" data-e-type=\"widget\" data-widget_type=\"spacer.default\">\n\t\t\t\t\t\t\t<div class=\"elementor-spacer\">\n\t\t\t<div class=\"elementor-spacer-inner\"><\/div>\n\t\t<\/div>\n\t\t\t\t\t\t<\/div>\n\t\t\t\t\t<\/div>\n\t\t\t\t<\/div>\n\t\t\t\t<\/div>","protected":false},"excerpt":{"rendered":"<p>Mentions l\u00e9gales et politique de confidentialit\u00e9 Conform\u00e9ment aux dispositions des Articles 6-III et 19 de la Loi n\u00b02004-575 du 21 juin 2004 pour la Confiance dans l\u2019\u00e9conomie num\u00e9rique, dite L.C.E.N., il est port\u00e9 \u00e0 la connaissance des Utilisateurs du site www.unionconventions.fr les pr\u00e9sentes mentions l\u00e9gales. La connexion et la navigation sur le site www.unionconventions.fr par [&hellip;]<\/p>\n","protected":false},"author":1,"featured_media":0,"parent":0,"menu_order":0,"comment_status":"closed","ping_status":"closed","template":"","meta":{"site-sidebar-layout":"no-sidebar","site-content-layout":"page-builder","ast-site-content-layout":"full-width-container","site-content-style":"unboxed","site-sidebar-style":"unboxed","ast-global-header-display":"","ast-banner-title-visibility":"","ast-main-header-display":"","ast-hfb-above-header-display":"","ast-hfb-below-header-display":"","ast-hfb-mobile-header-display":"","site-post-title":"disabled","ast-breadcrumbs-content":"","ast-featured-img":"disabled","footer-sml-layout":"","theme-transparent-header-meta":"enabled","adv-header-id-meta":"","stick-header-meta":"","header-above-stick-meta":"","header-main-stick-meta":"","header-below-stick-meta":"","astra-migrate-meta-layouts":"set","ast-page-background-enabled":"default","ast-page-background-meta":{"desktop":{"background-color":"","background-image":"","background-repeat":"repeat","background-position":"center center","background-size":"auto","background-attachment":"scroll","background-type":"","background-media":"","overlay-type":"","overlay-color":"","overlay-opacity":"","overlay-gradient":""},"tablet":{"background-color":"","background-image":"","background-repeat":"repeat","background-position":"center center","background-size":"auto","background-attachment":"scroll","background-type":"","background-media":"","overlay-type":"","overlay-color":"","overlay-opacity":"","overlay-gradient":""},"mobile":{"background-color":"","background-image":"","background-repeat":"repeat","background-position":"center center","background-size":"auto","background-attachment":"scroll","background-type":"","background-media":"","overlay-type":"","overlay-color":"","overlay-opacity":"","overlay-gradient":""}},"ast-content-background-meta":{"desktop":{"background-color":"var(--ast-global-color-5)","background-image":"","background-repeat":"repeat","background-position":"center center","background-size":"auto","background-attachment":"scroll","background-type":"","background-media":"","overlay-type":"","overlay-color":"","overlay-opacity":"","overlay-gradient":""},"tablet":{"background-color":"var(--ast-global-color-5)","background-image":"","background-repeat":"repeat","background-position":"center center","background-size":"auto","background-attachment":"scroll","background-type":"","background-media":"","overlay-type":"","overlay-color":"","overlay-opacity":"","overlay-gradient":""},"mobile":{"background-color":"var(--ast-global-color-5)","background-image":"","background-repeat":"repeat","background-position":"center center","background-size":"auto","background-attachment":"scroll","background-type":"","background-media":"","overlay-type":"","overlay-color":"","overlay-opacity":"","overlay-gradient":""}},"footnotes":""},"class_list":["post-1768","page","type-page","status-publish","hentry"],"yoast_head":"<!-- This site is optimized with the Yoast SEO plugin v27.2 - https:\/\/yoast.com\/product\/yoast-seo-wordpress\/ -->\n<title>Mentions l\u00e9gales et politique de confidentialit\u00e9 - unionconvention<\/title>\n<meta name=\"description\" content=\"Informations l\u00e9gales, protection des donn\u00e9es personnelles et politique de confidentialit\u00e9 du site Union Conventions. Votre s\u00e9curit\u00e9 est notre priorit\u00e9.\" \/>\n<meta name=\"robots\" content=\"index, follow, max-snippet:-1, max-image-preview:large, max-video-preview:-1\" \/>\n<link rel=\"canonical\" href=\"https:\/\/unionconventions.fr\/en\/mentions-legales-et-politique-de-confidentialite\/\" \/>\n<meta property=\"og:locale\" content=\"en_GB\" \/>\n<meta property=\"og:type\" content=\"article\" \/>\n<meta property=\"og:title\" content=\"Mentions l\u00e9gales et politique de confidentialit\u00e9 - unionconvention\" \/>\n<meta property=\"og:description\" content=\"Informations l\u00e9gales, protection des donn\u00e9es personnelles et politique de confidentialit\u00e9 du site Union Conventions. Votre s\u00e9curit\u00e9 est notre priorit\u00e9.\" \/>\n<meta property=\"og:url\" content=\"https:\/\/unionconventions.fr\/en\/mentions-legales-et-politique-de-confidentialite\/\" \/>\n<meta property=\"og:site_name\" content=\"unionconvention\" \/>\n<meta property=\"article:publisher\" content=\"https:\/\/www.facebook.com\/UnionAssoc\" \/>\n<meta property=\"article:modified_time\" content=\"2026-03-31T13:51:04+00:00\" \/>\n<meta property=\"og:image\" content=\"https:\/\/unionconventions.fr\/wp-content\/uploads\/2026\/01\/new_logo_white_union.png\" \/>\n\t<meta property=\"og:image:width\" content=\"1081\" \/>\n\t<meta property=\"og:image:height\" content=\"1081\" \/>\n\t<meta property=\"og:image:type\" content=\"image\/png\" \/>\n<meta name=\"twitter:card\" content=\"summary_large_image\" \/>\n<meta name=\"twitter:site\" content=\"@Union_Conv\" \/>\n<meta name=\"twitter:label1\" content=\"Estimated reading time\" \/>\n\t<meta name=\"twitter:data1\" content=\"3 minutes\" \/>\n<script type=\"application\/ld+json\" class=\"yoast-schema-graph\">{\"@context\":\"https:\/\/schema.org\",\"@graph\":[{\"@type\":\"WebPage\",\"@id\":\"https:\/\/unionconventions.fr\/mentions-legales-et-politique-de-confidentialite\/\",\"url\":\"https:\/\/unionconventions.fr\/mentions-legales-et-politique-de-confidentialite\/\",\"name\":\"Mentions l\u00e9gales et politique de confidentialit\u00e9 - unionconvention\",\"isPartOf\":{\"@id\":\"https:\/\/unionconventions.fr\/#website\"},\"datePublished\":\"2026-01-28T16:37:39+00:00\",\"dateModified\":\"2026-03-31T13:51:04+00:00\",\"description\":\"Informations l\u00e9gales, protection des donn\u00e9es personnelles et politique de confidentialit\u00e9 du site Union Conventions. Votre s\u00e9curit\u00e9 est notre priorit\u00e9.\",\"breadcrumb\":{\"@id\":\"https:\/\/unionconventions.fr\/mentions-legales-et-politique-de-confidentialite\/#breadcrumb\"},\"inLanguage\":\"en-GB\",\"potentialAction\":[{\"@type\":\"ReadAction\",\"target\":[\"https:\/\/unionconventions.fr\/mentions-legales-et-politique-de-confidentialite\/\"]}]},{\"@type\":\"BreadcrumbList\",\"@id\":\"https:\/\/unionconventions.fr\/mentions-legales-et-politique-de-confidentialite\/#breadcrumb\",\"itemListElement\":[{\"@type\":\"ListItem\",\"position\":1,\"name\":\"Accueil\",\"item\":\"https:\/\/unionconventions.fr\/\"},{\"@type\":\"ListItem\",\"position\":2,\"name\":\"Mentions l\u00e9gales et politique de confidentialit\u00e9\"}]},{\"@type\":\"WebSite\",\"@id\":\"https:\/\/unionconventions.fr\/#website\",\"url\":\"https:\/\/unionconventions.fr\/\",\"name\":\"unionconvention\",\"description\":\"\",\"publisher\":{\"@id\":\"https:\/\/unionconventions.fr\/#organization\"},\"potentialAction\":[{\"@type\":\"SearchAction\",\"target\":{\"@type\":\"EntryPoint\",\"urlTemplate\":\"https:\/\/unionconventions.fr\/?s={search_term_string}\"},\"query-input\":{\"@type\":\"PropertyValueSpecification\",\"valueRequired\":true,\"valueName\":\"search_term_string\"}}],\"inLanguage\":\"en-GB\"},{\"@type\":\"Organization\",\"@id\":\"https:\/\/unionconventions.fr\/#organization\",\"name\":\"unionconvention\",\"url\":\"https:\/\/unionconventions.fr\/\",\"logo\":{\"@type\":\"ImageObject\",\"inLanguage\":\"en-GB\",\"@id\":\"https:\/\/unionconventions.fr\/#\/schema\/logo\/image\/\",\"url\":\"https:\/\/unionconventions.fr\/wp-content\/uploads\/2026\/01\/new_logo_white_union-Photoroom.png\",\"contentUrl\":\"https:\/\/unionconventions.fr\/wp-content\/uploads\/2026\/01\/new_logo_white_union-Photoroom.png\",\"width\":1081,\"height\":1081,\"caption\":\"unionconvention\"},\"image\":{\"@id\":\"https:\/\/unionconventions.fr\/#\/schema\/logo\/image\/\"},\"sameAs\":[\"https:\/\/www.facebook.com\/UnionAssoc\",\"https:\/\/x.com\/Union_Conv\",\"https:\/\/www.instagram.com\/unionconventions\/\"]}]}<\/script>\n<!-- \/ Yoast SEO plugin. -->","yoast_head_json":{"title":"Mentions l\u00e9gales et politique de confidentialit\u00e9 - unionconvention","description":"Informations l\u00e9gales, protection des donn\u00e9es personnelles et politique de confidentialit\u00e9 du site Union Conventions. Votre s\u00e9curit\u00e9 est notre priorit\u00e9.","robots":{"index":"index","follow":"follow","max-snippet":"max-snippet:-1","max-image-preview":"max-image-preview:large","max-video-preview":"max-video-preview:-1"},"canonical":"https:\/\/unionconventions.fr\/en\/mentions-legales-et-politique-de-confidentialite\/","og_locale":"en_GB","og_type":"article","og_title":"Mentions l\u00e9gales et politique de confidentialit\u00e9 - unionconvention","og_description":"Informations l\u00e9gales, protection des donn\u00e9es personnelles et politique de confidentialit\u00e9 du site Union Conventions. Votre s\u00e9curit\u00e9 est notre priorit\u00e9.","og_url":"https:\/\/unionconventions.fr\/en\/mentions-legales-et-politique-de-confidentialite\/","og_site_name":"unionconvention","article_publisher":"https:\/\/www.facebook.com\/UnionAssoc","article_modified_time":"2026-03-31T13:51:04+00:00","og_image":[{"width":1081,"height":1081,"url":"https:\/\/unionconventions.fr\/wp-content\/uploads\/2026\/01\/new_logo_white_union.png","type":"image\/png"}],"twitter_card":"summary_large_image","twitter_site":"@Union_Conv","twitter_misc":{"Estimated reading time":"3 minutes"},"schema":{"@context":"https:\/\/schema.org","@graph":[{"@type":"WebPage","@id":"https:\/\/unionconventions.fr\/mentions-legales-et-politique-de-confidentialite\/","url":"https:\/\/unionconventions.fr\/mentions-legales-et-politique-de-confidentialite\/","name":"Mentions l\u00e9gales et politique de confidentialit\u00e9 - unionconvention","isPartOf":{"@id":"https:\/\/unionconventions.fr\/#website"},"datePublished":"2026-01-28T16:37:39+00:00","dateModified":"2026-03-31T13:51:04+00:00","description":"Informations l\u00e9gales, protection des donn\u00e9es personnelles et politique de confidentialit\u00e9 du site Union Conventions. Votre s\u00e9curit\u00e9 est notre priorit\u00e9.","breadcrumb":{"@id":"https:\/\/unionconventions.fr\/mentions-legales-et-politique-de-confidentialite\/#breadcrumb"},"inLanguage":"en-GB","potentialAction":[{"@type":"ReadAction","target":["https:\/\/unionconventions.fr\/mentions-legales-et-politique-de-confidentialite\/"]}]},{"@type":"BreadcrumbList","@id":"https:\/\/unionconventions.fr\/mentions-legales-et-politique-de-confidentialite\/#breadcrumb","itemListElement":[{"@type":"ListItem","position":1,"name":"Accueil","item":"https:\/\/unionconventions.fr\/"},{"@type":"ListItem","position":2,"name":"Mentions l\u00e9gales et politique de confidentialit\u00e9"}]},{"@type":"WebSite","@id":"https:\/\/unionconventions.fr\/#website","url":"https:\/\/unionconventions.fr\/","name":"unionconvention","description":"","publisher":{"@id":"https:\/\/unionconventions.fr\/#organization"},"potentialAction":[{"@type":"SearchAction","target":{"@type":"EntryPoint","urlTemplate":"https:\/\/unionconventions.fr\/?s={search_term_string}"},"query-input":{"@type":"PropertyValueSpecification","valueRequired":true,"valueName":"search_term_string"}}],"inLanguage":"en-GB"},{"@type":"Organization","@id":"https:\/\/unionconventions.fr\/#organization","name":"unionconvention","url":"https:\/\/unionconventions.fr\/","logo":{"@type":"ImageObject","inLanguage":"en-GB","@id":"https:\/\/unionconventions.fr\/#\/schema\/logo\/image\/","url":"https:\/\/unionconventions.fr\/wp-content\/uploads\/2026\/01\/new_logo_white_union-Photoroom.png","contentUrl":"https:\/\/unionconventions.fr\/wp-content\/uploads\/2026\/01\/new_logo_white_union-Photoroom.png","width":1081,"height":1081,"caption":"unionconvention"},"image":{"@id":"https:\/\/unionconventions.fr\/#\/schema\/logo\/image\/"},"sameAs":["https:\/\/www.facebook.com\/UnionAssoc","https:\/\/x.com\/Union_Conv","https:\/\/www.instagram.com\/unionconventions\/"]}]}},"_links":{"self":[{"href":"https:\/\/unionconventions.fr\/en\/wp-json\/wp\/v2\/pages\/1768","targetHints":{"allow":["GET"]}}],"collection":[{"href":"https:\/\/unionconventions.fr\/en\/wp-json\/wp\/v2\/pages"}],"about":[{"href":"https:\/\/unionconventions.fr\/en\/wp-json\/wp\/v2\/types\/page"}],"author":[{"embeddable":true,"href":"https:\/\/unionconventions.fr\/en\/wp-json\/wp\/v2\/users\/1"}],"replies":[{"embeddable":true,"href":"https:\/\/unionconventions.fr\/en\/wp-json\/wp\/v2\/comments?post=1768"}],"version-history":[{"count":13,"href":"https:\/\/unionconventions.fr\/en\/wp-json\/wp\/v2\/pages\/1768\/revisions"}],"predecessor-version":[{"id":3035,"href":"https:\/\/unionconventions.fr\/en\/wp-json\/wp\/v2\/pages\/1768\/revisions\/3035"}],"wp:attachment":[{"href":"https:\/\/unionconventions.fr\/en\/wp-json\/wp\/v2\/media?parent=1768"}],"curies":[{"name":"wp","href":"https:\/\/api.w.org\/{rel}","templated":true}]}}