{"id":114,"date":"2025-11-08T13:05:59","date_gmt":"2025-11-08T12:05:59","guid":{"rendered":"https:\/\/unionconventions.fr\/about-us\/"},"modified":"2026-03-13T11:55:14","modified_gmt":"2026-03-13T10:55:14","slug":"about-us","status":"publish","type":"page","link":"https:\/\/unionconventions.fr\/en\/about-us\/","title":{"rendered":"Who are we"},"content":{"rendered":"<div data-elementor-type=\"wp-page\" data-elementor-id=\"114\" class=\"elementor elementor-114\" data-elementor-settings=\"{&quot;ha_cmc_init_switcher&quot;:&quot;no&quot;}\">\n\t\t\t\t<div class=\"elementor-element elementor-element-77b693e e-con-full e-flex e-con e-parent\" data-id=\"77b693e\" data-element_type=\"container\" data-e-type=\"container\" data-settings=\"{&quot;background_background&quot;:&quot;classic&quot;,&quot;_ha_eqh_enable&quot;:false}\">\n\t\t<div class=\"elementor-element elementor-element-05634f7 e-con-full e-flex e-con e-child\" data-id=\"05634f7\" data-element_type=\"container\" data-e-type=\"container\" data-settings=\"{&quot;_ha_eqh_enable&quot;:false}\">\n\t\t\t\t<div class=\"elementor-element elementor-element-f421750 elementor-widget elementor-widget-heading\" data-id=\"f421750\" data-element_type=\"widget\" data-e-type=\"widget\" data-widget_type=\"heading.default\">\n\t\t\t\t\t<h1 class=\"elementor-heading-title elementor-size-default\">Who are we<\/h1>\t\t\t\t<\/div>\n\t\t\t\t<div class=\"elementor-element elementor-element-e847a19 elementor-hidden-mobile elementor-widget-divider--view-line elementor-widget elementor-widget-divider\" data-id=\"e847a19\" data-element_type=\"widget\" data-e-type=\"widget\" data-widget_type=\"divider.default\">\n\t\t\t\t\t\t\t<div class=\"elementor-divider\">\n\t\t\t<span class=\"elementor-divider-separator\">\n\t\t\t\t\t\t<\/span>\n\t\t<\/div>\n\t\t\t\t\t\t<\/div>\n\t\t\t\t<\/div>\n\t\t\t\t<\/div>\n\t\t<div class=\"elementor-element elementor-element-8f7108c e-flex e-con-boxed e-con e-parent\" data-id=\"8f7108c\" data-element_type=\"container\" data-e-type=\"container\" data-settings=\"{&quot;background_background&quot;:&quot;gradient&quot;,&quot;_ha_eqh_enable&quot;:false}\">\n\t\t\t\t\t<div class=\"e-con-inner\">\n\t\t<div class=\"elementor-element elementor-element-047bb8c e-con-full e-flex e-con e-child\" data-id=\"047bb8c\" data-element_type=\"container\" data-e-type=\"container\" data-settings=\"{&quot;_ha_eqh_enable&quot;:false}\">\n\t\t<div class=\"elementor-element elementor-element-80d3ec1 e-con-full e-flex e-con e-child\" data-id=\"80d3ec1\" data-element_type=\"container\" data-e-type=\"container\" data-settings=\"{&quot;_ha_eqh_enable&quot;:false}\">\n\t\t<div class=\"elementor-element elementor-element-58acdfb e-con-full e-flex e-con e-child\" data-id=\"58acdfb\" data-element_type=\"container\" data-e-type=\"container\" data-settings=\"{&quot;_ha_eqh_enable&quot;:false}\">\n\t\t\t\t<div class=\"elementor-element elementor-element-65dcf57 elementor-widget elementor-widget-heading\" data-id=\"65dcf57\" data-element_type=\"widget\" data-e-type=\"widget\" data-widget_type=\"heading.default\">\n\t\t\t\t\t<h2 class=\"elementor-heading-title elementor-size-default\">Our story<\/h2>\t\t\t\t<\/div>\n\t\t\t\t<\/div>\n\t\t<div class=\"elementor-element elementor-element-e87cd1a e-con-full e-flex e-con e-child\" data-id=\"e87cd1a\" data-element_type=\"container\" data-e-type=\"container\" data-settings=\"{&quot;_ha_eqh_enable&quot;:false}\">\n\t\t\t\t<div class=\"elementor-element elementor-element-7e0e79e elementor-widget elementor-widget-text-editor\" data-id=\"7e0e79e\" data-element_type=\"widget\" data-e-type=\"widget\" data-widget_type=\"text-editor.default\">\n\t\t\t\t\t\t\t\t\t<p data-start=\"64\" data-end=\"375\"><strong data-start=\"64\" data-end=\"85\">Union Conventions<\/strong>\u00a0was created to organize conventions to raise funds in support of other associations. The goal of this association is to bring fans together for a weekend or a single day while supporting those in need.<\/p><p data-start=\"377\" data-end=\"596\">Supporting just one association was too complicated. That\u2019s why we decided to support one association per convention we organize, so we can help as many people and causes as possible.<\/p><p data-start=\"598\" data-end=\"950\" data-is-last-node=\"\" data-is-only-node=\"\">At the end of each convention, we announce the amount raised for the associations we support to show fans that by attending the convention, they not only had the chance to meet actors from a series, but, most importantly, were able to contribute to the cause we chose to support during the event.<\/p>\t\t\t\t\t\t\t\t<\/div>\n\t\t\t\t<div class=\"elementor-element elementor-element-fd3e750 elementor-hidden-mobile elementor-widget elementor-widget-spacer\" data-id=\"fd3e750\" data-element_type=\"widget\" data-e-type=\"widget\" data-widget_type=\"spacer.default\">\n\t\t\t\t\t\t\t<div class=\"elementor-spacer\">\n\t\t\t<div class=\"elementor-spacer-inner\"><\/div>\n\t\t<\/div>\n\t\t\t\t\t\t<\/div>\n\t\t\t\t<\/div>\n\t\t\t\t<\/div>\n\t\t\t\t<\/div>\n\t\t\t\t\t<\/div>\n\t\t\t\t<\/div>\n\t\t<div class=\"elementor-element elementor-element-8009dae e-flex e-con-boxed e-con e-parent\" data-id=\"8009dae\" data-element_type=\"container\" data-e-type=\"container\" data-settings=\"{&quot;_ha_eqh_enable&quot;:false}\">\n\t\t\t\t\t<div class=\"e-con-inner\">\n\t\t\t\t<div class=\"elementor-element elementor-element-010ef1f elementor-widget elementor-widget-spacer\" data-id=\"010ef1f\" data-element_type=\"widget\" data-e-type=\"widget\" data-widget_type=\"spacer.default\">\n\t\t\t\t\t\t\t<div class=\"elementor-spacer\">\n\t\t\t<div class=\"elementor-spacer-inner\"><\/div>\n\t\t<\/div>\n\t\t\t\t\t\t<\/div>\n\t\t\t\t<div class=\"elementor-element elementor-element-49311a7 elementor-widget elementor-widget-ha-creative-button happy-addon ha-creative-button\" data-id=\"49311a7\" data-element_type=\"widget\" data-e-type=\"widget\" data-widget_type=\"ha-creative-button.default\">\n\t\t\t\t\t\t\t<div data-magnetic=\"no\" class=\"ha-creative-btn-wrap\">\n\t\t\t<a class=\"ha-creative-btn ha-stl--hermosa ha-eft--exploit\" href=\"https:\/\/unionconventions.fr\/en\/\"><span>Return to Homepage<\/span><\/a>\n\t\t<\/div>\t\t\t\t<\/div>\n\t\t\t\t<div class=\"elementor-element elementor-element-cc1dacd elementor-widget elementor-widget-spacer\" data-id=\"cc1dacd\" data-element_type=\"widget\" data-e-type=\"widget\" data-widget_type=\"spacer.default\">\n\t\t\t\t\t\t\t<div class=\"elementor-spacer\">\n\t\t\t<div class=\"elementor-spacer-inner\"><\/div>\n\t\t<\/div>\n\t\t\t\t\t\t<\/div>\n\t\t\t\t\t<\/div>\n\t\t\t\t<\/div>\n\t\t\t\t<\/div>","protected":false},"excerpt":{"rendered":"<p>Qui sommes-nous Notre histoire Union Conventions\u00a0a \u00e9t\u00e9 cr\u00e9\u00e9e pour organiser des conventions afin de r\u00e9colter des fonds pour soutenir d\u2019autres associations. L\u2019objectif de cette association est d\u2019unir les fans le temps d\u2019un week-end ou d\u2019une journ\u00e9e tout en soutenant celles et ceux qui en ont besoin. Soutenir une seule association \u00e9tait trop compliqu\u00e9. C\u2019est pour [&hellip;]<\/p>\n","protected":false},"author":1,"featured_media":0,"parent":0,"menu_order":0,"comment_status":"closed","ping_status":"closed","template":"","meta":{"site-sidebar-layout":"no-sidebar","site-content-layout":"page-builder","ast-site-content-layout":"full-width-container","site-content-style":"unboxed","site-sidebar-style":"unboxed","ast-global-header-display":"","ast-banner-title-visibility":"","ast-main-header-display":"","ast-hfb-above-header-display":"","ast-hfb-below-header-display":"","ast-hfb-mobile-header-display":"","site-post-title":"disabled","ast-breadcrumbs-content":"","ast-featured-img":"disabled","footer-sml-layout":"","theme-transparent-header-meta":"enabled","adv-header-id-meta":"","stick-header-meta":"","header-above-stick-meta":"","header-main-stick-meta":"","header-below-stick-meta":"","astra-migrate-meta-layouts":"set","ast-page-background-enabled":"default","ast-page-background-meta":{"desktop":{"background-color":"","background-image":"","background-repeat":"repeat","background-position":"center center","background-size":"auto","background-attachment":"scroll","background-type":"","background-media":"","overlay-type":"","overlay-color":"","overlay-opacity":"","overlay-gradient":""},"tablet":{"background-color":"","background-image":"","background-repeat":"repeat","background-position":"center center","background-size":"auto","background-attachment":"scroll","background-type":"","background-media":"","overlay-type":"","overlay-color":"","overlay-opacity":"","overlay-gradient":""},"mobile":{"background-color":"","background-image":"","background-repeat":"repeat","background-position":"center center","background-size":"auto","background-attachment":"scroll","background-type":"","background-media":"","overlay-type":"","overlay-color":"","overlay-opacity":"","overlay-gradient":""}},"ast-content-background-meta":{"desktop":{"background-color":"var(--ast-global-color-5)","background-image":"","background-repeat":"repeat","background-position":"center center","background-size":"auto","background-attachment":"scroll","background-type":"","background-media":"","overlay-type":"","overlay-color":"","overlay-opacity":"","overlay-gradient":""},"tablet":{"background-color":"var(--ast-global-color-5)","background-image":"","background-repeat":"repeat","background-position":"center center","background-size":"auto","background-attachment":"scroll","background-type":"","background-media":"","overlay-type":"","overlay-color":"","overlay-opacity":"","overlay-gradient":""},"mobile":{"background-color":"var(--ast-global-color-5)","background-image":"","background-repeat":"repeat","background-position":"center center","background-size":"auto","background-attachment":"scroll","background-type":"","background-media":"","overlay-type":"","overlay-color":"","overlay-opacity":"","overlay-gradient":""}},"footnotes":""},"class_list":["post-114","page","type-page","status-publish","hentry"],"yoast_head":"<!-- This site is optimized with the Yoast SEO plugin v27.2 - https:\/\/yoast.com\/product\/yoast-seo-wordpress\/ -->\n<title>Qui sommes-nous - unionconvention<\/title>\n<meta name=\"description\" content=\"D\u00e9couvrez l&#039;\u00e9quipe passionn\u00e9e d&#039;Union Conventions. Notre mission : cr\u00e9er des rencontres inoubliables entre les fans et les acteurs de s\u00e9ries internationales.\" \/>\n<meta name=\"robots\" content=\"index, follow, max-snippet:-1, max-image-preview:large, max-video-preview:-1\" \/>\n<link rel=\"canonical\" href=\"https:\/\/unionconventions.fr\/en\/about-us\/\" \/>\n<meta property=\"og:locale\" content=\"en_GB\" \/>\n<meta property=\"og:type\" content=\"article\" \/>\n<meta property=\"og:title\" content=\"Qui sommes-nous - unionconvention\" \/>\n<meta property=\"og:description\" content=\"D\u00e9couvrez l&#039;\u00e9quipe passionn\u00e9e d&#039;Union Conventions. Notre mission : cr\u00e9er des rencontres inoubliables entre les fans et les acteurs de s\u00e9ries internationales.\" \/>\n<meta property=\"og:url\" content=\"https:\/\/unionconventions.fr\/en\/about-us\/\" \/>\n<meta property=\"og:site_name\" content=\"unionconvention\" \/>\n<meta property=\"article:publisher\" content=\"https:\/\/www.facebook.com\/UnionAssoc\" \/>\n<meta property=\"article:modified_time\" content=\"2026-03-13T10:55:14+00:00\" \/>\n<meta property=\"og:image\" content=\"https:\/\/unionconventions.fr\/wp-content\/uploads\/2026\/01\/new_logo_white_union.png\" \/>\n\t<meta property=\"og:image:width\" content=\"1081\" \/>\n\t<meta property=\"og:image:height\" content=\"1081\" \/>\n\t<meta property=\"og:image:type\" content=\"image\/png\" \/>\n<meta name=\"twitter:card\" content=\"summary_large_image\" \/>\n<meta name=\"twitter:site\" content=\"@Union_Conv\" \/>\n<meta name=\"twitter:label1\" content=\"Estimated reading time\" \/>\n\t<meta name=\"twitter:data1\" content=\"1 minute\" \/>\n<script type=\"application\/ld+json\" class=\"yoast-schema-graph\">{\"@context\":\"https:\/\/schema.org\",\"@graph\":[{\"@type\":\"WebPage\",\"@id\":\"https:\/\/unionconventions.fr\/about-us\/\",\"url\":\"https:\/\/unionconventions.fr\/about-us\/\",\"name\":\"Qui sommes-nous - unionconvention\",\"isPartOf\":{\"@id\":\"https:\/\/unionconventions.fr\/#website\"},\"datePublished\":\"2025-11-08T12:05:59+00:00\",\"dateModified\":\"2026-03-13T10:55:14+00:00\",\"description\":\"D\u00e9couvrez l'\u00e9quipe passionn\u00e9e d'Union Conventions. Notre mission : cr\u00e9er des rencontres inoubliables entre les fans et les acteurs de s\u00e9ries internationales.\",\"breadcrumb\":{\"@id\":\"https:\/\/unionconventions.fr\/about-us\/#breadcrumb\"},\"inLanguage\":\"en-GB\",\"potentialAction\":[{\"@type\":\"ReadAction\",\"target\":[\"https:\/\/unionconventions.fr\/about-us\/\"]}]},{\"@type\":\"BreadcrumbList\",\"@id\":\"https:\/\/unionconventions.fr\/about-us\/#breadcrumb\",\"itemListElement\":[{\"@type\":\"ListItem\",\"position\":1,\"name\":\"Accueil\",\"item\":\"https:\/\/unionconventions.fr\/\"},{\"@type\":\"ListItem\",\"position\":2,\"name\":\"Qui sommes-nous\"}]},{\"@type\":\"WebSite\",\"@id\":\"https:\/\/unionconventions.fr\/#website\",\"url\":\"https:\/\/unionconventions.fr\/\",\"name\":\"unionconvention\",\"description\":\"\",\"publisher\":{\"@id\":\"https:\/\/unionconventions.fr\/#organization\"},\"potentialAction\":[{\"@type\":\"SearchAction\",\"target\":{\"@type\":\"EntryPoint\",\"urlTemplate\":\"https:\/\/unionconventions.fr\/?s={search_term_string}\"},\"query-input\":{\"@type\":\"PropertyValueSpecification\",\"valueRequired\":true,\"valueName\":\"search_term_string\"}}],\"inLanguage\":\"en-GB\"},{\"@type\":\"Organization\",\"@id\":\"https:\/\/unionconventions.fr\/#organization\",\"name\":\"unionconvention\",\"url\":\"https:\/\/unionconventions.fr\/\",\"logo\":{\"@type\":\"ImageObject\",\"inLanguage\":\"en-GB\",\"@id\":\"https:\/\/unionconventions.fr\/#\/schema\/logo\/image\/\",\"url\":\"https:\/\/unionconventions.fr\/wp-content\/uploads\/2026\/01\/new_logo_white_union-Photoroom.png\",\"contentUrl\":\"https:\/\/unionconventions.fr\/wp-content\/uploads\/2026\/01\/new_logo_white_union-Photoroom.png\",\"width\":1081,\"height\":1081,\"caption\":\"unionconvention\"},\"image\":{\"@id\":\"https:\/\/unionconventions.fr\/#\/schema\/logo\/image\/\"},\"sameAs\":[\"https:\/\/www.facebook.com\/UnionAssoc\",\"https:\/\/x.com\/Union_Conv\",\"https:\/\/www.instagram.com\/unionconventions\/\"]}]}<\/script>\n<!-- \/ Yoast SEO plugin. -->","yoast_head_json":{"title":"Qui sommes-nous - unionconvention","description":"D\u00e9couvrez l'\u00e9quipe passionn\u00e9e d'Union Conventions. Notre mission : cr\u00e9er des rencontres inoubliables entre les fans et les acteurs de s\u00e9ries internationales.","robots":{"index":"index","follow":"follow","max-snippet":"max-snippet:-1","max-image-preview":"max-image-preview:large","max-video-preview":"max-video-preview:-1"},"canonical":"https:\/\/unionconventions.fr\/en\/about-us\/","og_locale":"en_GB","og_type":"article","og_title":"Qui sommes-nous - unionconvention","og_description":"D\u00e9couvrez l'\u00e9quipe passionn\u00e9e d'Union Conventions. Notre mission : cr\u00e9er des rencontres inoubliables entre les fans et les acteurs de s\u00e9ries internationales.","og_url":"https:\/\/unionconventions.fr\/en\/about-us\/","og_site_name":"unionconvention","article_publisher":"https:\/\/www.facebook.com\/UnionAssoc","article_modified_time":"2026-03-13T10:55:14+00:00","og_image":[{"width":1081,"height":1081,"url":"https:\/\/unionconventions.fr\/wp-content\/uploads\/2026\/01\/new_logo_white_union.png","type":"image\/png"}],"twitter_card":"summary_large_image","twitter_site":"@Union_Conv","twitter_misc":{"Estimated reading time":"1 minute"},"schema":{"@context":"https:\/\/schema.org","@graph":[{"@type":"WebPage","@id":"https:\/\/unionconventions.fr\/about-us\/","url":"https:\/\/unionconventions.fr\/about-us\/","name":"Qui sommes-nous - unionconvention","isPartOf":{"@id":"https:\/\/unionconventions.fr\/#website"},"datePublished":"2025-11-08T12:05:59+00:00","dateModified":"2026-03-13T10:55:14+00:00","description":"D\u00e9couvrez l'\u00e9quipe passionn\u00e9e d'Union Conventions. Notre mission : cr\u00e9er des rencontres inoubliables entre les fans et les acteurs de s\u00e9ries internationales.","breadcrumb":{"@id":"https:\/\/unionconventions.fr\/about-us\/#breadcrumb"},"inLanguage":"en-GB","potentialAction":[{"@type":"ReadAction","target":["https:\/\/unionconventions.fr\/about-us\/"]}]},{"@type":"BreadcrumbList","@id":"https:\/\/unionconventions.fr\/about-us\/#breadcrumb","itemListElement":[{"@type":"ListItem","position":1,"name":"Accueil","item":"https:\/\/unionconventions.fr\/"},{"@type":"ListItem","position":2,"name":"Qui sommes-nous"}]},{"@type":"WebSite","@id":"https:\/\/unionconventions.fr\/#website","url":"https:\/\/unionconventions.fr\/","name":"unionconvention","description":"","publisher":{"@id":"https:\/\/unionconventions.fr\/#organization"},"potentialAction":[{"@type":"SearchAction","target":{"@type":"EntryPoint","urlTemplate":"https:\/\/unionconventions.fr\/?s={search_term_string}"},"query-input":{"@type":"PropertyValueSpecification","valueRequired":true,"valueName":"search_term_string"}}],"inLanguage":"en-GB"},{"@type":"Organization","@id":"https:\/\/unionconventions.fr\/#organization","name":"unionconvention","url":"https:\/\/unionconventions.fr\/","logo":{"@type":"ImageObject","inLanguage":"en-GB","@id":"https:\/\/unionconventions.fr\/#\/schema\/logo\/image\/","url":"https:\/\/unionconventions.fr\/wp-content\/uploads\/2026\/01\/new_logo_white_union-Photoroom.png","contentUrl":"https:\/\/unionconventions.fr\/wp-content\/uploads\/2026\/01\/new_logo_white_union-Photoroom.png","width":1081,"height":1081,"caption":"unionconvention"},"image":{"@id":"https:\/\/unionconventions.fr\/#\/schema\/logo\/image\/"},"sameAs":["https:\/\/www.facebook.com\/UnionAssoc","https:\/\/x.com\/Union_Conv","https:\/\/www.instagram.com\/unionconventions\/"]}]}},"_links":{"self":[{"href":"https:\/\/unionconventions.fr\/en\/wp-json\/wp\/v2\/pages\/114","targetHints":{"allow":["GET"]}}],"collection":[{"href":"https:\/\/unionconventions.fr\/en\/wp-json\/wp\/v2\/pages"}],"about":[{"href":"https:\/\/unionconventions.fr\/en\/wp-json\/wp\/v2\/types\/page"}],"author":[{"embeddable":true,"href":"https:\/\/unionconventions.fr\/en\/wp-json\/wp\/v2\/users\/1"}],"replies":[{"embeddable":true,"href":"https:\/\/unionconventions.fr\/en\/wp-json\/wp\/v2\/comments?post=114"}],"version-history":[{"count":40,"href":"https:\/\/unionconventions.fr\/en\/wp-json\/wp\/v2\/pages\/114\/revisions"}],"predecessor-version":[{"id":3005,"href":"https:\/\/unionconventions.fr\/en\/wp-json\/wp\/v2\/pages\/114\/revisions\/3005"}],"wp:attachment":[{"href":"https:\/\/unionconventions.fr\/en\/wp-json\/wp\/v2\/media?parent=114"}],"curies":[{"name":"wp","href":"https:\/\/api.w.org\/{rel}","templated":true}]}}